{"id":10,"date":"2014-01-15T17:38:02","date_gmt":"2014-01-15T15:38:02","guid":{"rendered":"http:\/\/klueckenhof.com\/?page_id=10"},"modified":"2016-08-19T00:03:13","modified_gmt":"2016-08-18T22:03:13","slug":"unser-dorf-mehr-am-niederrhein","status":"publish","type":"page","link":"http:\/\/klueckenhof.com\/?page_id=10","title":{"rendered":"Unser Dorf Mehr am Niederrhein"},"content":{"rendered":"<h3 class=\"widget-title\">Das Dorf Mehr in Rees am Niederrhein in Nordrhein-Westfalen<\/h3>\n<p>Ein rechtsrheinisches Dorf, geh\u00f6rt zur nahe gelegenen Stadt Rees, der \u00e4ltesten Stadt am unteren Niederrhein.<\/p>\n<p>Die Stadt Rees bietet eine der sch\u00f6nsten Rheinpromenaden Deutschlands und l\u00e4dt durch ihre einmalige Lage zum Verweilen ein. Das Schatzk\u00e4stchen am Niederrhein verspricht jedem Besucher einen abwechslungsreichen Aufenthalt. Ob Schifffahrten auf dem Rhein, mittels F\u00e4hre die andere Rheinseite und Xanten erkunden oder einfach nur unsere niederrheinische Landschaft genie\u00dfen.<br \/>\n Ob zu Fu\u00df oder mit der Fiets, unsere weitl\u00e4ufige niederrheinische Landschaft verspricht Erholung und kulturelle Abwechslung.<br \/>\n Mehr liegt am Niederrhein in Nordrhein-Westfalen, zwischen den historischen St\u00e4dten Rees, Wesel, Xanten, Bocholt und Emmerich.<br \/>\n Bedingt durch seine g\u00fcnstige Lage in einer reizvollen, abwechslungsreichen Landschaft und guter Verkehrsanbindung finden bei uns alle Besucher individuellen Urlaub und Freizeit.<\/p>\n<p>Unser Dorf Mehr in Rees am Niederrhein setzt aufgrund seiner g\u00fcnstigen geographischen Lage ihren Unternehmungen und Ausfl\u00fcgen keine Grenzen.<\/p>\n<h3 class=\"widget-title\">Im Ortskern von Rees<\/h3>\n<p>finden Sie einen Supermarkt, einen Zahnarzt, einen prakt. Arzt, eine Apotheke sowie zwei Banken. Die Gastst\u00e4tte Zur Rose h\u00e4lt einen sch\u00f6n angelegten Biergarten f\u00fcr Sie bereit. Das Gasthaus Zum Hirsch bietet eine gute K\u00fcche zu fairen Preisen, verf\u00fcgt \u00fcber Kegelbahnen, Biergarten, Mini-Golf und gro\u00dfem Saal f\u00fcr Festlichkeiten. Der kleine Hunger zwischendurch kann in einem Dorf-Schnell-Imbiss gestillt werden. Mehr bietet eben mehr und mehr und mehr &#8230; !<\/p>\n<h3 class=\"widget-title\">Unser Ferienhaus Ress &#8222;Kl\u00fcckenhof&#8220;<\/h3>\n<p><b>Unser Ferienhaus<\/b><br \/>\n bietet Ferienwohnungen und G\u00e4steunterk\u00fcnfte an. Es liegt in zentraler Lage des Ortes &#8222;Mehr&#8220; in einer Nebenstra\u00dfe und ist Ausgangspunkt f\u00fcr zahlreiche Aktivit\u00e4ten. Im Au\u00dfenbereich des Hauses finden Sie einen gesch\u00fctzten Grillplatz mit Gartenm\u00f6beln, Terrasse sowie einen ger\u00e4umigen Pavillion. Hier k\u00f6nnen Sie auch bei Regenwolken Ihrem Grill vergn\u00fcgen nachkommen, oder einfach nur verweilen und abspannen vom Alltag. Der Ortskern ist zu Fu\u00df gut zu erreichen. Der Kinderspielplatz ist in unmittelbarer N\u00e4he des Hauses.<\/p>\n<h3 class=\"widget-title\">Schon mal gepaddelt?<\/h3>\n<p>In unmittelbarer Umgebung flie\u00dfen einige sch\u00f6ne Wanderfl\u00fcsse wie Niers, Issel, Lippe und Kalflack. Durch ihren Charakter als langsam str\u00f6mende Wiesenfl\u00fcsse sind sie f\u00fcr Anf\u00e4nger und Familien interessante Paddelreviere. Bei einer gem\u00fctlichen Paddeltour, k\u00f6nnen z.B. Familien, Gruppen, Vereine usw. die reizvollsten Seiten des Niederrheins kennenlernen. Paddeln Sie mit dem Kanu durch herrliche Landschaften, vorbei an sehenswerten Natur- und Vogelschutzgebieten.<\/p>\n<h3 class=\"widget-title\">Rees, die \u00e4lteste Stadt am Niederrhein<\/h3>\n<p>Die Stadt Rees grenzt im Norden an die Gemeinde Oude Ijsselstreek (Provinz Gelderland, NL) und die Stadt Isselburg (Kreis Borken), mit der, in nur 15 Autominuten zu erreichenden Stadt Bocholt und angrenzendem Westm\u00fcnsterland . Im Osten an die St\u00e4dte Hamminkeln und Wesel sowie im S\u00fcden an die Stadt Xanten (alle drei im Kreis Wesel) und im Westen an die St\u00e4dte Kalkar und Emmerich.<\/p>\n<h3 class=\"widget-title\">Ausfl\u00fcge<\/h3>\n<p>Unser Dorf Mehr ist Ausgangspunkt f\u00fcr zahlreiche Ausflugsm\u00f6glichkeiten, die Sie bitte unserer Touristikseite oder Mehr am Niederrhein entnehmen.Die in der N\u00e4he unserer Ferienwohnungen gelegenen St\u00e4dte Wesel, Xanten, Emmerich, Hamminkeln, Dinslaken, Voerde und Bocholt bieten Ihnen einen abwechslungsreichen kulturellen Aufenthalt.<br \/>\n Zu Fu\u00df oder per &#8222;Fiets&#8220; k\u00f6nnen Sie von unseren Ferienwohnungen aus auf gut angelegten Wegen die Umgebung erkunden.<\/p>\n<h3 class=\"widget-title\">Eine besonders sch\u00f6ne Route<\/h3>\n<p>f\u00fchrt vom Ferienhaus, entlang an Weiden, Wiesen, Ausl\u00e4ufer des Rheins, teilweise direkt hinter oder auf dem Deich, zur Rheinpromenade Rees. Die Strecke ist durchweg gut asphaltiert oder mit fugenlosen Knochensteinen gepflastert so das auch Skater hier voll auf ihre Kosten kommen. Am Ziel dieser sch\u00f6nen Tour erwartet Sie dann eine der sch\u00f6nsten Rheinpromenaden Deutschlands mit ausreichenden Sitz- und Rastgelegenheiten und einer F\u00e4hre zum anderen Rheinufer f\u00fcr Radler und Fu\u00dfg\u00e4nger. Hier k\u00f6nnen Sie Ihre Tour dann z. B. nach Kalkar oder Xanten fortsetzen.<\/p>\n<h3 class=\"widget-title\">Ihren sportlichen aktivit\u00e4ten<\/h3>\n<p>k\u00f6nnen Sie in unmittelbarer N\u00e4he unseres G\u00e4stehauses nachkommen&#8230;<\/p>\n<ul>\n<li>Der Reeser-Yachthafen bietet Liegepl\u00e4tze f\u00fcr Segel- und Motorboote mit direktem Zugang zum Rhein.<\/li>\n<li>Das Reeser Meer l\u00e4dt zum Tauchen, Segeln und Surfen ein.<\/li>\n<li>Der Rhein mit seinen Nebengew\u00e4ssern, ein Paradies f\u00fcr Angler.<\/li>\n<li>Die Golfpl\u00e4tze am Niederrhein lassen das Golferherz h\u00f6her schlagen.<\/li>\n<li>Das Freizeit Center Rees bietet neben Hallentennis und Kegelbahnen ,<\/li>\n<li>Badmintoncourts, Schie\u00dfst\u00e4nde, Squash-Courts, und Karambolage-Billard.<\/li>\n<li>Ebenfalls erwartet Sie hier eine gute K\u00fcche.<\/li>\n<\/ul>\n<h3 class=\"widget-title\">Die Niederrheinroute<\/h3>\n<p>ein ca. 1.200 km langes Streckennetz f\u00fcr Fahrradfahrer und Wanderer, f\u00fchrt \u00fcber asphaltierte Wirtschaftswege, stille Waldwege und Deiche l\u00e4ngs des Rheins zu den interessanten Sehensw\u00fcrdigkeiten des Niederrheins. Hier k\u00f6nnen Sie auch Dinge entdecken, die nicht zum Tourismus-Standardprogramm geh\u00f6ren.<\/p>\n<h3 class=\"widget-title\">Die 2-L\u00e4nder-Route<\/h3>\n<p>f\u00fchrt durch die die Deutsch\/Holl\u00e4ndische Grenzregion bis Nijmegen. Die Route erschlie\u00dft dem Radwanderer viele Sch\u00e4tze des gemeinsamen kulturellen Erbes beider V\u00f6lker. Ausgeschilderte Wege, abseits vom Verkehr, durch abwechslungsreiche Landschaft, erleichtern die Orientierung. Unsere niederl\u00e4ndischen Nachbarn warten auf Sie mit zahlreichen Angeboten. Die Grenzst\u00e4dte Winterswyk, Doetinchen und Dinxperlo erreichen Sie von ihrer Ferienwohnung in ca. 15 Autominuten. Das nahe westliche M\u00fcnsterland bildet mit dem Naturpark Hohe Mark die Route zum Niederrhein. Industriekultur des Ruhrgebietes finden Sie in den St\u00e4dten Oberhausen, Duisburg mit Ruhrorter-Hafen und Dinslaken. Sie sehen, das Dorf Mehr am Niederrhein, bietet jedem etwas.<br \/>\n Ein herrliches St\u00fcck Erde im Grenzland von Nordrhein-Westfahlen.<\/p>\n","protected":false},"excerpt":{"rendered":"<p>Das Dorf Mehr in Rees am Niederrhein in Nordrhein-Westfalen Ein rechtsrheinisches Dorf, geh\u00f6rt zur nahe gelegenen Stadt Rees, der \u00e4ltesten Stadt am unteren Niederrhein. Die Stadt Rees bietet eine der sch\u00f6nsten Rheinpromenaden Deutschlands und l\u00e4dt durch ihre einmalige Lage zum Verweilen ein. Das Schatzk\u00e4stchen am Niederrhein verspricht jedem Besucher einen abwechslungsreichen Aufenthalt. Ob Schifffahrten auf <a href=\"http:\/\/klueckenhof.com\/?page_id=10\">Continue reading &#8594;<\/a><\/p>\n","protected":false},"author":2,"featured_media":0,"parent":0,"menu_order":0,"comment_status":"closed","ping_status":"closed","template":"","meta":[],"_links":{"self":[{"href":"http:\/\/klueckenhof.com\/index.php?rest_route=\/wp\/v2\/pages\/10"}],"collection":[{"href":"http:\/\/klueckenhof.com\/index.php?rest_route=\/wp\/v2\/pages"}],"about":[{"href":"http:\/\/klueckenhof.com\/index.php?rest_route=\/wp\/v2\/types\/page"}],"author":[{"embeddable":true,"href":"http:\/\/klueckenhof.com\/index.php?rest_route=\/wp\/v2\/users\/2"}],"replies":[{"embeddable":true,"href":"http:\/\/klueckenhof.com\/index.php?rest_route=%2Fwp%2Fv2%2Fcomments&post=10"}],"version-history":[{"count":43,"href":"http:\/\/klueckenhof.com\/index.php?rest_route=\/wp\/v2\/pages\/10\/revisions"}],"predecessor-version":[{"id":333,"href":"http:\/\/klueckenhof.com\/index.php?rest_route=\/wp\/v2\/pages\/10\/revisions\/333"}],"wp:attachment":[{"href":"http:\/\/klueckenhof.com\/index.php?rest_route=%2Fwp%2Fv2%2Fmedia&parent=10"}],"curies":[{"name":"wp","href":"https:\/\/api.w.org\/{rel}","templated":true}]}}