{"id":14,"date":"2014-01-15T17:39:43","date_gmt":"2014-01-15T15:39:43","guid":{"rendered":"http:\/\/klueckenhof.com\/?page_id=14"},"modified":"2016-08-18T23:26:47","modified_gmt":"2016-08-18T21:26:47","slug":"informationen-touristik","status":"publish","type":"page","link":"http:\/\/klueckenhof.com\/?page_id=14","title":{"rendered":"Ferienwohnungen Rees Informationen &#038; Touristik"},"content":{"rendered":"<h3 class=\"widget-title\">Ferienwohnungen Rees Informationen &amp; Touristik<\/h3>\n<p>Der Kl\u00fcckenhof liegt am unteren Niederrhein Naturlandschaft zwischen Rhein und Waal.<br \/>\nEntfernung ca. Sehensw\u00fcrdigkeiten\/Ausflugsziele vom G\u00e4stehaus\/Pension Kl\u00fcckenhof aus:<\/p>\n<p>Mentale und physische Fitness finden Sie im&nbsp;Thermalbad Arcen.<br \/>\nDer Niederrhein bietet mehr und Mehr &#8230;<\/p>\n<h3 class=\"widget-title\">Hier eine kleine \u00dcbersicht der in der N\u00e4he befindlichen Sehensw\u00fcrdigkeiten bei Rees<\/h3>\n<table style=\"width: 100%;\" border=\"0\" width=\"100%\" cellspacing=\"0\" cellpadding=\"1\">\n<colgroup>\n<col width=\"226*\">\n<col width=\"30*\"> <\/colgroup>\n<tbody>\n<tr>\n<td width=\"88%\">Historische Stadt&nbsp;Rees&nbsp;&#8222;Schatzk\u00e4stchen am Niederrhein&#8220; Historischer Stadtkern, Rheinpromenade, Stadtumwehrung, Kasematten (unterirdische Festungsanlagen um 1500)<\/p>\n<\/td>\n<td width=\"12%\">\n<p align=\"RIGHT\">8 km<\/p>\n<\/td>\n<\/tr>\n<tr>\n<td width=\"88%\"><span lang=\"zxx\"><a href=\"http:\/\/www.reeser-personenschiffahrt.de\/\" target=\"_blank\">Reeser Personenschifffahrt<\/a><\/span>&nbsp;bietet herrliche Rheintouren Personenf\u00e4hre &#8222;R\u00e4\u00e4\u00dfe R\u00f6ntje&#8220;, &#8222;Inseltreue&#8220;, &#8222;Keer Tr\u00f6ch lI&#8220;<\/p>\n<\/td>\n<td width=\"12%\">\n<p align=\"RIGHT\">4 km<\/p>\n<\/td>\n<\/tr>\n<tr>\n<td width=\"88%\"><span lang=\"zxx\"><a href=\"http:\/\/www.haus-aspel.de\/\" target=\"_blank\">Kloster Haus Aspel<\/a><\/span>, um 950 erbaut, T\u00f6chter v. hl. Kreuz<\/p>\n<\/td>\n<td width=\"12%\">&nbsp;<\/p>\n<\/td>\n<\/tr>\n<tr>\n<td width=\"88%\">Stadt&nbsp;Hamminkeln&nbsp;mit&nbsp;<span lang=\"zxx\"><a href=\"http:\/\/www.schloss-ringenberg.de\/800x600\/index.htm\" target=\"_blank\">Schlo\u00df Ringenberg<\/a><\/span>&nbsp;um 1650 und&nbsp;<span lang=\"zxx\"><a href=\"http:\/\/www.hamminkeln.de\/kommunen\/hamminkeln\/2Sehenswuerdigkeiten.nsf\/0\/7919f117d6d8707cc1256a8e004ac453?OpenDocument\" target=\"_blank\">Klosterkirche Marienthal<\/a><\/span>&nbsp;um 1250<\/p>\n<\/td>\n<td width=\"12%\">\n<p align=\"RIGHT\">11 km<\/p>\n<\/td>\n<\/tr>\n<tr>\n<td width=\"88%\">Historische Stadt&nbsp;Kalkar&nbsp;mit Kirche&nbsp;<span lang=\"zxx\"><a href=\"http:\/\/www.stnicolai.de\/\" target=\"_blank\">St. Nicolai<\/a><\/span>&nbsp;15.Jh., mittelalterlicher Stadtkern und&nbsp;<span lang=\"zxx\"><a href=\"http:\/\/www.kernwasser-wunderland.de\/\" target=\"_blank\">Kernwasser Wunderland<\/a><\/span>, gro\u00dfer Freizeitpark<\/p>\n<\/td>\n<td width=\"12%\">\n<p align=\"RIGHT\">19 km<\/p>\n<\/td>\n<\/tr>\n<tr>\n<td width=\"88%\">Kreisstadt&nbsp;Wesel&nbsp;mit&nbsp;<span lang=\"zxx\"><a href=\"http:\/\/www.preussenmuseum.de\/\" target=\"_blank\">Preu\u00dfen-Museum<\/a><\/span>,&nbsp;<span lang=\"zxx\"><a href=\"http:\/\/www.kvr.de\/freizeit\/sehenswuerdigkeiten\/h_otto_pankok.shtml\" target=\"_blank\">Otto-Pankok-Museum<\/a><\/span>,&nbsp;<span lang=\"zxx\"><a href=\"http:\/\/www.niederrheinhalle.de\/\" target=\"_blank\">Niederrheinhalle<\/a><\/span>,&nbsp;<span lang=\"zxx\"><a href=\"http:\/\/www.sportbootrevier.de\/Data_Internet_SBRR\/index.html\" target=\"_blank\">Jachthafen<\/a><\/span>, Sportflugplatz, Auesee<\/p>\n<\/td>\n<td width=\"12%\">\n<p align=\"RIGHT\">16 km<\/p>\n<\/td>\n<\/tr>\n<tr>\n<td width=\"88%\">Xanten, R\u00f6merstadt, Niedergermanien 2000 Jahre alt mit&nbsp;<span lang=\"zxx\"><a href=\"http:\/\/www.kvr.de\/freizeit\/sehenswuerdigkeiten\/xanten.shtml\" target=\"_blank\">Xantener Dom<\/a><\/span>,&nbsp;<span lang=\"zxx\"><a href=\"http:\/\/www.apx.de\/\" target=\"_blank\">Arch\u00e4ologischer Park<\/a><\/span><\/p>\n<\/td>\n<td width=\"12%\">\n<p align=\"RIGHT\">26 km<\/p>\n<\/td>\n<\/tr>\n<tr>\n<td width=\"88%\">Kevelaer, Marienwallfahrtsort,&nbsp;<span lang=\"zxx\"><a href=\"http:\/\/www.wallfahrt-kevelaer.de\/\" target=\"_blank\">Marienbasilika und Gnadenkapelle<\/a><\/span>&nbsp;und&nbsp;<span lang=\"zxx\"><a href=\"http:\/\/www.traberpark.de\/\" target=\"_blank\">Traberpark Den Heyberg<\/a><\/span><\/p>\n<\/td>\n<td width=\"12%\">\n<p align=\"RIGHT\">33 km<\/p>\n<\/td>\n<\/tr>\n<tr>\n<td width=\"88%\">Isselburg&nbsp;mit&nbsp;<span lang=\"zxx\"><a href=\"http:\/\/www.fuerst-salm.de\/ger\/fs_wb_anholt.htm\" target=\"_blank\">Anholter Schweiz, Schloss Anholt<\/a><\/span>&nbsp;(niederl\u00e4ndischer Barock)<\/p>\n<\/td>\n<td width=\"12%\">\n<p align=\"RIGHT\">20 km<\/p>\n<\/td>\n<\/tr>\n<tr>\n<td width=\"88%\">Bedburg-Hau,&nbsp;<span lang=\"zxx\"><a href=\"http:\/\/www.moyland.de\/pages\/home\/\" target=\"_blank\">Schloss Moyland<\/a><\/span>&nbsp;mit Beuys-Sammlung,&nbsp;<span lang=\"zxx\"><a href=\"http:\/\/www.golf-park-moyland.de\/\" target=\"_blank\">Golfpark Moyland<\/a><\/span><\/p>\n<\/td>\n<td width=\"12%\">\n<p align=\"RIGHT\">22 km<\/p>\n<\/td>\n<\/tr>\n<tr>\n<td width=\"88%\">Emmerich, Drusus Brunnen, Eltener Berg, Schiffahrt- und Kaffeer\u00f6stmuseum<\/p>\n<\/td>\n<td width=\"12%\">\n<p align=\"RIGHT\">24 km<\/p>\n<\/td>\n<\/tr>\n<tr>\n<td width=\"88%\">Kleve,&nbsp;<span lang=\"zxx\"><a href=\"http:\/\/www.preussen.de\/de\/geschichte\/preussische_orte\/andere_orte\/schwanenburg.html\" target=\"_blank\">Schwanenburg<\/a><\/span>&nbsp;10.Jh., Museum&nbsp;<span lang=\"zxx\"><a href=\"http:\/\/www.kreis-kleve.de\/kommunen\/kreis_kleve\/museum.nsf\/pages\/56E8F3585F9229B041256A1D005177EA\" target=\"_blank\">Haus Koekkoek<\/a><\/span><\/p>\n<\/td>\n<td width=\"12%\">\n<p align=\"RIGHT\">35 km<\/p>\n<\/td>\n<\/tr>\n<tr>\n<td width=\"88%\">hist.&nbsp;Rheinberg&nbsp;mit Rathaus um 1449 und&nbsp;<span lang=\"zxx\"><a href=\"http:\/\/www.messe-niederrhein.de\/Eingang\/eingang.html\" target=\"_blank\">Messe Niederrhein<\/a><\/span><\/p>\n<\/td>\n<td width=\"12%\">\n<p align=\"RIGHT\">30 km<\/p>\n<\/td>\n<\/tr>\n<tr>\n<td width=\"88%\">Voerde, Rheinpromenade, Wasserschlo\u00df, Schleuse Emmelsum<\/p>\n<\/td>\n<td width=\"12%\">\n<p align=\"RIGHT\">22 km<\/p>\n<\/td>\n<\/tr>\n<tr>\n<td width=\"88%\">Dinslaken&nbsp;mit Burg Dinslaken,&nbsp;<span lang=\"zxx\"><a href=\"http:\/\/www.dintrab.com\/\" target=\"_blank\">Trabrennbahn<\/a><\/span><\/p>\n<\/td>\n<td width=\"12%\">\n<p align=\"RIGHT\">29 km<\/p>\n<\/td>\n<\/tr>\n<tr>\n<td width=\"88%\">Weeze&nbsp;mit Flughafen&nbsp;<span lang=\"zxx\"><a href=\"http:\/\/www.flughafen-niederrhein.de\/\" target=\"_blank\">Niederrhein Airport<\/a><\/span><\/p>\n<\/td>\n<td width=\"12%\">\n<p align=\"RIGHT\">30&nbsp;km<\/p>\n<\/td>\n<\/tr>\n<tr>\n<td width=\"88%\">Bocholt, Einkaufsstadt mit Flair; hist. Rathaus,&nbsp;<span lang=\"zxx\"><a href=\"http:\/\/www.travelwriter.at\/ueber\/schloesser-und-burgen\/in-deutschland\/nordrhein-westfalen\/muensterland\/index.shtml\" target=\"_blank\">Schloss Diepenbrock<\/a><\/span><\/p>\n<\/td>\n<td width=\"12%\">\n<p align=\"RIGHT\">22 km<\/p>\n<\/td>\n<\/tr>\n<tr>\n<td width=\"88%\">weitere Sehensw\u00fcrdigkeiten finden Sie in&nbsp;Uedem,&nbsp;Goch&nbsp;und&nbsp;Geldern&nbsp;&#8230;<\/p>\n<\/td>\n<td width=\"12%\">&nbsp;<\/p>\n<\/td>\n<\/tr>\n<tr>\n<td width=\"88%\">Wer nach der Ruhe noch Nervenkitzel und Action ben\u00f6tigt, geht nach&nbsp;Kirchhellen,&nbsp;<span lang=\"zxx\"><a href=\"http:\/\/www.movieworld.de\/movieworld\/home\/index_de.cfm?lg=de\" target=\"_blank\">Warner Bros Movie World<\/a><\/span><\/p>\n<\/td>\n<td width=\"12%\">\n<p align=\"RIGHT\">40 km<\/p>\n<\/td>\n<\/tr>\n<tr>\n<td width=\"88%\">Auch die benachbarten&nbsp;Niederlande&nbsp;bieten viele interessante Ausflugsziele. Die grenznahen St\u00e4dte Doetinchen, Winterswijk und Dinxperlo mit Fischmarkt erreichen Sie in ca. 20&nbsp;Autominuten; mit dem Fahrrad genie\u00dfen Sie das besondere Flair unserer sch\u00f6nen Landschaft.<\/p>\n<\/td>\n<td width=\"12%\">&nbsp;<\/p>\n<\/td>\n<\/tr>\n<tr>\n<td width=\"88%\">Die Einkaufsstadt&nbsp;Nijmegen&nbsp;mit Afrika- und Bibel-Museum ist von unseren Ferienwohnungen Kl\u00fcckenhof nur 55 km entfernt.<\/p>\n<\/td>\n<td width=\"12%\">&nbsp;<\/p>\n<\/td>\n<\/tr>\n<tr>\n<td width=\"88%\">Der bekannte<span lang=\"zxx\"><a href=\"http:\/\/www.burgerszoo.nl\/Deutsch\/Dindex.html\" target=\"_blank\">&nbsp;Burgher`s Zoo<\/a><\/span>in Arnheim ist nicht nur f\u00fcr Kinder ein Erlebnis und ist vom Ferienhaus Kl\u00fcckenhof \u00fcber die A3 in 30 Autominuten zu erreichen.<\/p>\n<\/td>\n<td width=\"12%\">&nbsp;<\/p>\n<\/td>\n<\/tr>\n<\/tbody>\n<\/table>\n<h3 class=\"widget-title\">Aktivit\u00e4ten bei den Ferienwohnungen Rees<\/h3>\n<p><a href=\"http:\/\/klueckenhof.com\/wp-content\/uploads\/2014\/01\/info.gif\"><img loading=\"lazy\" class=\"size-full wp-image-80 alignleft\" src=\"http:\/\/klueckenhof.com\/wp-content\/uploads\/2014\/01\/info.gif\" alt=\"info\" width=\"46\" height=\"46\"><\/a>Wandern, Radwandern, Reiten, Angeln. Baden an Badeseen in Frei- und Hallenb\u00e4dern sowie in Erlebnisb\u00e4dern mit Saunieren. Golfen in Moyland u. Niederm\u00f6rmter, Tennis, Sqash, Badminton, Minigolfen, Kegeln, Bowling, Inlinern, Sportschie\u00dfen. Reiten, Ponyreiten f\u00fcr Kinder, Plan-und Kutschwagenfahrten. Motor-Segelbootsport, Sporttauchen, Surfen. Eis und Skisporthallen, Cart-Bahnen. Motordrachen- und Segelfliegen.<\/p>\n","protected":false},"excerpt":{"rendered":"<p>Ferienwohnungen Rees Informationen &amp; Touristik Der Kl\u00fcckenhof liegt am unteren Niederrhein Naturlandschaft zwischen Rhein und Waal. Entfernung ca. Sehensw\u00fcrdigkeiten\/Ausflugsziele vom G\u00e4stehaus\/Pension Kl\u00fcckenhof aus: Mentale und physische Fitness finden Sie im&nbsp;Thermalbad Arcen. Der Niederrhein bietet mehr und Mehr &#8230; Hier eine kleine \u00dcbersicht der in der N\u00e4he befindlichen Sehensw\u00fcrdigkeiten bei Rees Historische Stadt&nbsp;Rees&nbsp;&#8222;Schatzk\u00e4stchen am Niederrhein&#8220; Historischer <a href=\"http:\/\/klueckenhof.com\/?page_id=14\">Continue reading &#8594;<\/a><\/p>\n","protected":false},"author":2,"featured_media":0,"parent":0,"menu_order":0,"comment_status":"closed","ping_status":"closed","template":"","meta":[],"_links":{"self":[{"href":"http:\/\/klueckenhof.com\/index.php?rest_route=\/wp\/v2\/pages\/14"}],"collection":[{"href":"http:\/\/klueckenhof.com\/index.php?rest_route=\/wp\/v2\/pages"}],"about":[{"href":"http:\/\/klueckenhof.com\/index.php?rest_route=\/wp\/v2\/types\/page"}],"author":[{"embeddable":true,"href":"http:\/\/klueckenhof.com\/index.php?rest_route=\/wp\/v2\/users\/2"}],"replies":[{"embeddable":true,"href":"http:\/\/klueckenhof.com\/index.php?rest_route=%2Fwp%2Fv2%2Fcomments&post=14"}],"version-history":[{"count":12,"href":"http:\/\/klueckenhof.com\/index.php?rest_route=\/wp\/v2\/pages\/14\/revisions"}],"predecessor-version":[{"id":326,"href":"http:\/\/klueckenhof.com\/index.php?rest_route=\/wp\/v2\/pages\/14\/revisions\/326"}],"wp:attachment":[{"href":"http:\/\/klueckenhof.com\/index.php?rest_route=%2Fwp%2Fv2%2Fmedia&parent=14"}],"curies":[{"name":"wp","href":"https:\/\/api.w.org\/{rel}","templated":true}]}}