{"id":18,"date":"2014-01-15T17:41:37","date_gmt":"2014-01-15T15:41:37","guid":{"rendered":"http:\/\/klueckenhof.com\/?page_id=18"},"modified":"2021-03-09T00:45:02","modified_gmt":"2021-03-08T22:45:02","slug":"impressum","status":"publish","type":"page","link":"http:\/\/klueckenhof.com\/?page_id=18","title":{"rendered":"Impressum"},"content":{"rendered":"<p><i>Betreiber dieser Webseite gem\u00e4\u00df \u00a7 5 TMG ist: <\/i><\/p>\n<p>Ferienwohnungen Kl\u00fcckenhof Rees<br \/>\nDorothee J\u00f6rchel-Molsbeck<br \/>\nKl\u00fcckenhofstra\u00dfe 12<br \/>\n46459 Rees<br \/>\nTel.: 0160\/21 25 01 1<\/p>\n<p><i>Die EU-Kommission stellt eine Plattform f\u00fcr au\u00dfergerichtliche Streitschlichtung bereit. Verbrauchern gibt dies die M\u00f6glichkeit, Streitigkeiten im Zusammenhang mit ihrer Online-Bestellung zun\u00e4chst au\u00dfergerichtlich zu kl\u00e4ren. Die Streitbeilegungs-Plattform finden Sie hier:<\/i><\/p>\n<p><span style=\"color: #0563c1;\"><u><a href=\"https:\/\/ec.europa.eu\/consumers\/odr\/\" target=\"_blank\" rel=\"noopener\"><i>https:\/\/ec.europa.eu\/consumers\/odr\/<\/i><\/a><\/u><\/span><\/p>\n<p><i>Unsere E-Mail f\u00fcr Verbraucherbeschwerden lautet: info@ferienwohnungen-niederrhein.com<\/p>\n<p>Wir sind weder bereit noch verpflichtet, an einem Streitbeilegungsverfahren vor einer Verbraucherschlichtungsstelle teilzunehmen.<\/i><\/p>\n<h3 class=\"widget-title\">Anfahrt<\/h3>\n<p><iframe loading=\"lazy\" style=\"border: 0;\" src=\"https:\/\/www.google.com\/maps\/embed?pb=!1m18!1m12!1m3!1d9885.293209129828!2d6.479626351318179!3d51.72712174403034!2m3!1f0!2f0!3f0!3m2!1i1024!2i768!4f13.1!3m3!1m2!1s0x47b882430dc715df%3A0x3d0337ed8c99c324!2sFerienwohnungen+Rees+f%C3%BCr+Gruppen+und+Familien+-+Kl%C3%BCckenhof!5e0!3m2!1sde!2sde!4v1410523998764\" width=\"600\" height=\"450\" frameborder=\"0\"><\/iframe><\/p>\n","protected":false},"excerpt":{"rendered":"<p>Betreiber dieser Webseite gem\u00e4\u00df \u00a7 5 TMG ist: Ferienwohnungen Kl\u00fcckenhof Rees Dorothee J\u00f6rchel-Molsbeck Kl\u00fcckenhofstra\u00dfe 12 46459 Rees Tel.: 0160\/21 25 01 1 Die EU-Kommission stellt eine Plattform f\u00fcr au\u00dfergerichtliche Streitschlichtung bereit. Verbrauchern gibt dies die M\u00f6glichkeit, Streitigkeiten im Zusammenhang mit ihrer Online-Bestellung zun\u00e4chst au\u00dfergerichtlich zu kl\u00e4ren. Die Streitbeilegungs-Plattform finden Sie hier: https:\/\/ec.europa.eu\/consumers\/odr\/ Unsere E-Mail f\u00fcr <a href=\"http:\/\/klueckenhof.com\/?page_id=18\">Continue reading &#8594;<\/a><\/p>\n","protected":false},"author":2,"featured_media":0,"parent":0,"menu_order":0,"comment_status":"closed","ping_status":"closed","template":"","meta":[],"_links":{"self":[{"href":"http:\/\/klueckenhof.com\/index.php?rest_route=\/wp\/v2\/pages\/18"}],"collection":[{"href":"http:\/\/klueckenhof.com\/index.php?rest_route=\/wp\/v2\/pages"}],"about":[{"href":"http:\/\/klueckenhof.com\/index.php?rest_route=\/wp\/v2\/types\/page"}],"author":[{"embeddable":true,"href":"http:\/\/klueckenhof.com\/index.php?rest_route=\/wp\/v2\/users\/2"}],"replies":[{"embeddable":true,"href":"http:\/\/klueckenhof.com\/index.php?rest_route=%2Fwp%2Fv2%2Fcomments&post=18"}],"version-history":[{"count":8,"href":"http:\/\/klueckenhof.com\/index.php?rest_route=\/wp\/v2\/pages\/18\/revisions"}],"predecessor-version":[{"id":389,"href":"http:\/\/klueckenhof.com\/index.php?rest_route=\/wp\/v2\/pages\/18\/revisions\/389"}],"wp:attachment":[{"href":"http:\/\/klueckenhof.com\/index.php?rest_route=%2Fwp%2Fv2%2Fmedia&parent=18"}],"curies":[{"name":"wp","href":"https:\/\/api.w.org\/{rel}","templated":true}]}}