{"id":234,"date":"2014-06-17T17:18:18","date_gmt":"2014-06-17T15:18:18","guid":{"rendered":"http:\/\/klueckenhof.com\/?page_id=234"},"modified":"2016-10-28T14:04:12","modified_gmt":"2016-10-28T12:04:12","slug":"weitere-links","status":"publish","type":"page","link":"http:\/\/klueckenhof.com\/?page_id=234","title":{"rendered":"Weitere Links"},"content":{"rendered":"<h4><strong><a class=\"moz-txt-link-abbreviated\" href=\"http:\/\/www.ferienhaus-erlebnis.de\">www.ferienhaus-erlebnis.de<\/a><\/strong><\/h4>\n<p><a title=\"Gruppenunterkunft in Deutschland bei www.ferienunterkunft-direkt.de\" href=\"http:\/\/www.ferienunterkunft-direkt.de\/Gruppenunterkunft\/Deutschland\/\" target=\"blank\">Gruppenunterkunft in Deutschland<\/a><\/p>\n<p><a title=\"Ferienhaus in Deutschland bei www.ferienunterkunft-direkt.de\" href=\"http:\/\/www.ferienunterkunft-direkt.de\/Ferienhaus\/Deutschland\/\" target=\"blank\">Ferienhaus in Deutschland<\/a><\/p>\n<p>Ferienwohnungen &amp; Ferienh\u00e4user in Deutschland bei<br \/>\n <a href=\"http:\/\/www.ferienwohnland.de\/\" target=\"_blank\">Ferienwohnland.de<\/a><\/p>\n<p><a href=\"http:\/\/www.fewos-deutschland.de\"><img loading=\"lazy\" src=\"http:\/\/www.fewos-deutschland.de\/img\/button1.gif\" alt=\"Button nicht verf\u00fcgbar: www.fewos-deutschland.de\" width=\"100\" height=\"50\" border=\"0\" \/><\/a><\/p>\n<p>Am <a href=\"http:\/\/www.ferienhaus-urlaube.de\/deutschland\/nordrhein-westfalen\/niederrhein\/\">Niederrhein Ferienwohnungen bei www.Ferienhaus-Urlaube.de<\/a><br \/>\n g\u00fcnstig mieten von privat<\/p>\n<p>Ferienwohnung Deutschland und Urlaub Ostsee g\u00fcnstig mieten: <br \/>\n <a href=\"http:\/\/www.ferienhausmarkt.com\/country\/deutschland\/\">Ferienwohnung Deutschland<\/a><br \/>\n und <a href=\"http:\/\/www.ostsee-strandurlaub.net\/\">Ostsee Urlaub<\/a> g\u00fcnstig finden<br \/>\n <!--ENDE Ferienhausmarkt Code --><\/p>\n","protected":false},"excerpt":{"rendered":"<p>www.ferienhaus-erlebnis.de Gruppenunterkunft in Deutschland Ferienhaus in Deutschland Ferienwohnungen &amp; Ferienh\u00e4user in Deutschland bei Ferienwohnland.de Am Niederrhein Ferienwohnungen bei www.Ferienhaus-Urlaube.de g\u00fcnstig mieten von privat Ferienwohnung Deutschland und Urlaub Ostsee g\u00fcnstig mieten: Ferienwohnung Deutschland und Ostsee Urlaub g\u00fcnstig finden<\/p>\n","protected":false},"author":2,"featured_media":0,"parent":0,"menu_order":0,"comment_status":"closed","ping_status":"closed","template":"","meta":[],"_links":{"self":[{"href":"http:\/\/klueckenhof.com\/index.php?rest_route=\/wp\/v2\/pages\/234"}],"collection":[{"href":"http:\/\/klueckenhof.com\/index.php?rest_route=\/wp\/v2\/pages"}],"about":[{"href":"http:\/\/klueckenhof.com\/index.php?rest_route=\/wp\/v2\/types\/page"}],"author":[{"embeddable":true,"href":"http:\/\/klueckenhof.com\/index.php?rest_route=\/wp\/v2\/users\/2"}],"replies":[{"embeddable":true,"href":"http:\/\/klueckenhof.com\/index.php?rest_route=%2Fwp%2Fv2%2Fcomments&post=234"}],"version-history":[{"count":12,"href":"http:\/\/klueckenhof.com\/index.php?rest_route=\/wp\/v2\/pages\/234\/revisions"}],"predecessor-version":[{"id":383,"href":"http:\/\/klueckenhof.com\/index.php?rest_route=\/wp\/v2\/pages\/234\/revisions\/383"}],"wp:attachment":[{"href":"http:\/\/klueckenhof.com\/index.php?rest_route=%2Fwp%2Fv2%2Fmedia&parent=234"}],"curies":[{"name":"wp","href":"https:\/\/api.w.org\/{rel}","templated":true}]}}